{"id":849,"date":"2018-10-27T15:30:29","date_gmt":"2018-10-27T15:30:29","guid":{"rendered":"http:\/\/demo.betik.net\/wc-forms\/?page_id=849"},"modified":"2018-11-19T19:25:21","modified_gmt":"2018-11-19T19:25:21","slug":"odeme-formlari","status":"publish","type":"page","link":"https:\/\/demo.betik.net\/wc-forms\/","title":{"rendered":"\u00d6deme Formlar\u0131"},"content":{"rendered":"<h3 style=\"text-align: center;\">12 haz\u0131r form temas\u0131 aras\u0131ndan istedi\u011finizi se\u00e7ip h\u0131zl\u0131ca ba\u015flay\u0131n.<\/h3>\n<p>[payment-forms id=&#8217;11&#8217;]<\/p>\n<p>[payment-forms id=&#8217;44&#8217;]<\/p>\n<p>[payment-forms id=&#8217;9&#8242;]<\/p>\n<p>[payment-forms id=&#8217;10&#8217;]<\/p>\n<p>[payment-forms id=&#8217;12&#8217;]<\/p>\n<p>[payment-forms id=&#8217;25&#8217;]<\/p>\n<p>[payment-forms id=&#8217;1&#8242;]<\/p>\n<p>[payment-forms id=&#8217;3&#8242;]<\/p>\n<p>[payment-forms id=&#8217;6&#8242;]<\/p>\n<p>[payment-forms id=&#8217;2&#8242;]<\/p>\n<p>[payment-forms id=&#8217;4&#8242;]<\/p>\n<p>[payment-forms id=&#8217;5&#8242;]<\/p>\n<p>[payment-forms id=&#8217;7&#8242;]<\/p>\n<p>[payment-forms id=&#8217;8&#8242;]<\/p>\n<p>[payment-forms id=&#8217;15&#8217;]<\/p>\n","protected":false},"excerpt":{"rendered":"<p>12 haz\u0131r form temas\u0131 aras\u0131ndan istedi\u011finizi se\u00e7ip h\u0131zl\u0131ca ba\u015flay\u0131n. [payment-forms id=&#8217;11&#8217;] [payment-forms id=&#8217;44&#8217;] [payment-forms id=&#8217;9&#8242;] [payment-forms id=&#8217;10&#8217;] [payment-forms id=&#8217;12&#8217;] [payment-forms id=&#8217;25&#8217;] [payment-forms id=&#8217;1&#8242;] [payment-forms id=&#8217;3&#8242;] [payment-forms id=&#8217;6&#8242;] [payment-forms id=&#8217;2&#8242;] [payment-forms id=&#8217;4&#8242;] [payment-forms id=&#8217;5&#8242;] [payment-forms id=&#8217;7&#8242;] [payment-forms id=&#8217;8&#8242;] [payment-forms id=&#8217;15&#8217;]<\/p>\n","protected":false},"author":31,"featured_media":0,"parent":0,"menu_order":0,"comment_status":"closed","ping_status":"closed","template":"","meta":{"footnotes":""},"class_list":["post-849","page","type-page","status-publish","hentry"],"_links":{"self":[{"href":"https:\/\/demo.betik.net\/wc-forms\/wp-json\/wp\/v2\/pages\/849"}],"collection":[{"href":"https:\/\/demo.betik.net\/wc-forms\/wp-json\/wp\/v2\/pages"}],"about":[{"href":"https:\/\/demo.betik.net\/wc-forms\/wp-json\/wp\/v2\/types\/page"}],"author":[{"embeddable":true,"href":"https:\/\/demo.betik.net\/wc-forms\/wp-json\/wp\/v2\/users\/31"}],"replies":[{"embeddable":true,"href":"https:\/\/demo.betik.net\/wc-forms\/wp-json\/wp\/v2\/comments?post=849"}],"version-history":[{"count":11,"href":"https:\/\/demo.betik.net\/wc-forms\/wp-json\/wp\/v2\/pages\/849\/revisions"}],"predecessor-version":[{"id":981,"href":"https:\/\/demo.betik.net\/wc-forms\/wp-json\/wp\/v2\/pages\/849\/revisions\/981"}],"wp:attachment":[{"href":"https:\/\/demo.betik.net\/wc-forms\/wp-json\/wp\/v2\/media?parent=849"}],"curies":[{"name":"wp","href":"https:\/\/api.w.org\/{rel}","templated":true}]}}